{"id":14365,"date":"2021-04-28T06:52:35","date_gmt":"2021-04-28T06:52:35","guid":{"rendered":"https:\/\/www.cultureworks.at\/?page_id=14365"},"modified":"2024-10-11T09:46:50","modified_gmt":"2024-10-11T09:46:50","slug":"archiv","status":"publish","type":"page","link":"https:\/\/www.cultureworks.at\/en\/archiv\/","title":{"rendered":"Archive"},"content":{"rendered":"\n<h2 class=\"wp-block-heading\" id=\"h-artists-we-worked-with-in-the-past\">Artists we worked with in the past<\/h2>\n\n\n\n<div class=\"wp-block-columns is-layout-flex wp-container-core-columns-is-layout-9d6595d7 wp-block-columns-is-layout-flex\">\n<div class=\"wp-block-column is-layout-flow wp-block-column-is-layout-flow\">\n<figure class=\"wp-block-image size-medium\"><img loading=\"lazy\" decoding=\"async\" width=\"300\" height=\"300\" src=\"https:\/\/www.cultureworks.at\/wp-content\/uploads\/Alegria-e-Liberta_Jaune-Detour-300x300.jpg\" alt=\"Alegr\u00edaeLibert\u00e0\" class=\"wp-image-13585\" srcset=\"https:\/\/www.cultureworks.at\/wp-content\/uploads\/Alegria-e-Liberta_Jaune-Detour-300x300.jpg 300w, https:\/\/www.cultureworks.at\/wp-content\/uploads\/Alegria-e-Liberta_Jaune-Detour-1024x1024.jpg 1024w, https:\/\/www.cultureworks.at\/wp-content\/uploads\/Alegria-e-Liberta_Jaune-Detour-150x150.jpg 150w\" sizes=\"auto, (max-width: 300px) 100vw, 300px\" \/><\/figure>\n\n\n\n<h5 class=\"wp-block-heading\" id=\"h-alegria-e-liberta\">Alegr\u00eda e Libert\u00e0<\/h5>\n<\/div>\n\n\n\n<div class=\"wp-block-column is-layout-flow wp-block-column-is-layout-flow\">\n<figure class=\"wp-block-image size-medium\"><img loading=\"lazy\" decoding=\"async\" width=\"300\" height=\"300\" src=\"https:\/\/www.cultureworks.at\/wp-content\/uploads\/Amira-Medunjanin-300x300.png\" alt=\"Amira Medunjanin\" class=\"wp-image-14305\" srcset=\"https:\/\/www.cultureworks.at\/wp-content\/uploads\/Amira-Medunjanin-300x300.png 300w, https:\/\/www.cultureworks.at\/wp-content\/uploads\/Amira-Medunjanin-150x150.png 150w\" sizes=\"auto, (max-width: 300px) 100vw, 300px\" \/><\/figure>\n\n\n\n<h5 class=\"wp-block-heading\" id=\"h-amira-medunjanin\">Amira Medunjanin<\/h5>\n<\/div>\n\n\n\n<div class=\"wp-block-column is-layout-flow wp-block-column-is-layout-flow\">\n<figure class=\"gb-block-image gb-block-image-1e2205bd\"><img loading=\"lazy\" decoding=\"async\" width=\"300\" height=\"300\" class=\"gb-image gb-image-1e2205bd\" src=\"https:\/\/www.cultureworks.at\/wp-content\/uploads\/BevanoEst_01_light_WEB_300x300.jpg\" alt=\"\" title=\"BevanoEst_01_light_WEB_300x300\" srcset=\"https:\/\/www.cultureworks.at\/wp-content\/uploads\/BevanoEst_01_light_WEB_300x300.jpg 300w, https:\/\/www.cultureworks.at\/wp-content\/uploads\/BevanoEst_01_light_WEB_300x300-150x150.jpg 150w\" sizes=\"auto, (max-width: 300px) 100vw, 300px\" \/><\/figure>\n\n\n\n<h5 class=\"wp-block-heading\" id=\"h-bevano-est\">Bevano Est<\/h5>\n<\/div>\n\n\n\n<div class=\"wp-block-column is-layout-flow wp-block-column-is-layout-flow\">\n<figure class=\"wp-block-image size-medium\"><img loading=\"lazy\" decoding=\"async\" width=\"300\" height=\"300\" src=\"https:\/\/www.cultureworks.at\/wp-content\/uploads\/branko_300px-300x300.jpg\" alt=\"\" class=\"wp-image-14054\" srcset=\"https:\/\/www.cultureworks.at\/wp-content\/uploads\/branko_300px.jpg 300w, https:\/\/www.cultureworks.at\/wp-content\/uploads\/branko_300px-150x150.jpg 150w\" sizes=\"auto, (max-width: 300px) 100vw, 300px\" \/><\/figure>\n\n\n\n<h5 class=\"wp-block-heading\" id=\"h-branko-galoic\">Branko Galoi\u0107<\/h5>\n<\/div>\n<\/div>\n\n\n\n<div class=\"wp-block-columns is-layout-flex wp-container-core-columns-is-layout-9d6595d7 wp-block-columns-is-layout-flex\">\n<div class=\"wp-block-column is-layout-flow wp-block-column-is-layout-flow\">\n<figure class=\"wp-block-image size-medium\"><img loading=\"lazy\" decoding=\"async\" width=\"300\" height=\"300\" src=\"https:\/\/www.cultureworks.at\/wp-content\/uploads\/Belem01\u00a9Lieve-Boussauw_150dpi_quadrat-300x300.jpg\" alt=\"\" class=\"wp-image-15566\" srcset=\"https:\/\/www.cultureworks.at\/wp-content\/uploads\/Belem01\u00a9Lieve-Boussauw_150dpi_quadrat-300x300.jpg 300w, https:\/\/www.cultureworks.at\/wp-content\/uploads\/Belem01\u00a9Lieve-Boussauw_150dpi_quadrat-150x150.jpg 150w\" sizes=\"auto, (max-width: 300px) 100vw, 300px\" \/><\/figure>\n\n\n\n<h5 class=\"wp-block-heading\" id=\"h-belem-didier-laloy-amp-kathy-adam\">BELEM: Didier Laloy &amp; Kathy Adam<\/h5>\n<\/div>\n\n\n\n<div class=\"wp-block-column is-layout-flow wp-block-column-is-layout-flow\">\n<figure class=\"wp-block-image size-medium\"><img loading=\"lazy\" decoding=\"async\" width=\"300\" height=\"300\" src=\"https:\/\/www.cultureworks.at\/wp-content\/uploads\/Didier-Laloy_Quentin-Dujardin_2-300x300.jpg\" alt=\"DidierLaloy &amp; QuentinDujardin \u00a9 Jean Mahaux\" class=\"wp-image-13630\" srcset=\"https:\/\/www.cultureworks.at\/wp-content\/uploads\/Didier-Laloy_Quentin-Dujardin_2-300x300.jpg 300w, https:\/\/www.cultureworks.at\/wp-content\/uploads\/Didier-Laloy_Quentin-Dujardin_2-150x150.jpg 150w\" sizes=\"auto, (max-width: 300px) 100vw, 300px\" \/><\/figure>\n\n\n\n<h5 class=\"wp-block-heading\" id=\"h-didier-laloy-amp-quentin-dujardin\">Didier Laloy &amp; Quentin Dujardin<\/h5>\n<\/div>\n\n\n\n<div class=\"wp-block-column is-layout-flow wp-block-column-is-layout-flow\">\n<figure class=\"wp-block-image size-medium\"><img loading=\"lazy\" decoding=\"async\" width=\"300\" height=\"300\" src=\"https:\/\/www.cultureworks.at\/wp-content\/uploads\/DONAUWELLENREITER_Euphoria_Apollonia-Bitzan-300x300.jpg\" alt=\"\" class=\"wp-image-13641\" srcset=\"https:\/\/www.cultureworks.at\/wp-content\/uploads\/DONAUWELLENREITER_Euphoria_Apollonia-Bitzan-300x300.jpg 300w, https:\/\/www.cultureworks.at\/wp-content\/uploads\/DONAUWELLENREITER_Euphoria_Apollonia-Bitzan-150x150.jpg 150w\" sizes=\"auto, (max-width: 300px) 100vw, 300px\" \/><\/figure>\n\n\n\n<h5 class=\"wp-block-heading\" id=\"h-donauwellenreiter\">Donauwellenreiter<\/h5>\n<\/div>\n\n\n\n<div class=\"wp-block-column is-layout-flow wp-block-column-is-layout-flow\">\n<figure class=\"gb-block-image gb-block-image-78750fbb\"><img loading=\"lazy\" decoding=\"async\" width=\"300\" height=\"300\" class=\"gb-image gb-image-78750fbb\" src=\"https:\/\/www.cultureworks.at\/wp-content\/uploads\/14-FanfaraStation2021_ph_Maxime_Bessieres-scaled-e1671124966271.jpg\" alt=\"\" title=\"14-FanfaraStation2021_ph_Maxime_Bessieres\" srcset=\"https:\/\/www.cultureworks.at\/wp-content\/uploads\/14-FanfaraStation2021_ph_Maxime_Bessieres-scaled-e1671124966271.jpg 300w, https:\/\/www.cultureworks.at\/wp-content\/uploads\/14-FanfaraStation2021_ph_Maxime_Bessieres-scaled-e1671124966271-150x150.jpg 150w\" sizes=\"auto, (max-width: 300px) 100vw, 300px\" \/><\/figure>\n\n\n\n<h5 class=\"wp-block-heading\" id=\"h-fanfara-station\">Fanfara Station<\/h5>\n<\/div>\n<\/div>\n\n\n\n<div class=\"wp-block-columns is-layout-flex wp-container-core-columns-is-layout-9d6595d7 wp-block-columns-is-layout-flex\">\n<div class=\"wp-block-column is-layout-flow wp-block-column-is-layout-flow\">\n<figure class=\"wp-block-image size-medium\"><img loading=\"lazy\" decoding=\"async\" width=\"300\" height=\"300\" src=\"https:\/\/www.cultureworks.at\/wp-content\/uploads\/LucillaGaleazzi_300px-300x300.jpg\" alt=\"\" class=\"wp-image-14062\" srcset=\"https:\/\/www.cultureworks.at\/wp-content\/uploads\/LucillaGaleazzi_300px.jpg 300w, https:\/\/www.cultureworks.at\/wp-content\/uploads\/LucillaGaleazzi_300px-150x150.jpg 150w\" sizes=\"auto, (max-width: 300px) 100vw, 300px\" \/><\/figure>\n\n\n\n<h5 class=\"wp-block-heading\" id=\"h-lucilla-galeazzi\">Lucilla  Galeazzi<\/h5>\n<\/div>\n\n\n\n<div class=\"wp-block-column is-layout-flow wp-block-column-is-layout-flow\">\n<figure class=\"wp-block-image size-medium\"><img loading=\"lazy\" decoding=\"async\" width=\"300\" height=\"300\" src=\"https:\/\/www.cultureworks.at\/wp-content\/uploads\/Maria-Joao-300x300.jpg\" alt=\"Maria Jo\u00e3o\" class=\"wp-image-14311\" srcset=\"https:\/\/www.cultureworks.at\/wp-content\/uploads\/Maria-Joao-300x300.jpg 300w, https:\/\/www.cultureworks.at\/wp-content\/uploads\/Maria-Joao-150x150.jpg 150w\" sizes=\"auto, (max-width: 300px) 100vw, 300px\" \/><\/figure>\n\n\n\n<h5 class=\"wp-block-heading\" id=\"h-maria-joao\">Maria Jo\u00e3o<\/h5>\n<\/div>\n\n\n\n<div class=\"wp-block-column is-layout-flow wp-block-column-is-layout-flow\">\n<figure class=\"wp-block-image size-medium\"><img loading=\"lazy\" decoding=\"async\" width=\"300\" height=\"300\" src=\"https:\/\/www.cultureworks.at\/wp-content\/uploads\/SAMURAI16_300px-300x300.jpg\" alt=\"\" class=\"wp-image-14069\" srcset=\"https:\/\/www.cultureworks.at\/wp-content\/uploads\/SAMURAI16_300px.jpg 300w, https:\/\/www.cultureworks.at\/wp-content\/uploads\/SAMURAI16_300px-150x150.jpg 150w\" sizes=\"auto, (max-width: 300px) 100vw, 300px\" \/><\/figure>\n\n\n\n<h5 class=\"wp-block-heading\" id=\"h-samurai-accordion\">Samurai Accordion<\/h5>\n<\/div>\n\n\n\n<div class=\"wp-block-column is-layout-flow wp-block-column-is-layout-flow\"><\/div>\n<\/div>\n\n\n\n<h2 class=\"wp-block-heading\" id=\"h-\"><\/h2>\n\n\n\n<h4 class=\"wp-block-heading\" id=\"h-we-also-worked-with-them\">We also worked with them<\/h4>\n\n\n\n<p>Abies Alba (IT) \u2022 Agricantus (IT) \u2022 Alegre Correa (BR) \u2022 Anne Niepold (BE) \u2022 Arthur de Faria &amp; Seu Conjunto (BR) \u2022 Bebeto Alves (BR) \u2022 Bisca 99 Posse (IT) \u2022 Budapest Bar (HU) \u2022 Cati Plana (ES) \u2022 Celia Mara (BR\/AT) \u2022 Celina da Piedade (PT) \u2022 Cleudo &amp; Bambelocos (BR) \u2022 Die V\u00f6gel Europas (AT) \u2022 Dom la Nena (BR\/FR) \u2022 Elizah (BR) \u2022 Embolafunk (BR) \u2022 Eva Quartet (BG) \u2022 Federspiel (AT) \u2022 Herbert Pixner (IT\/AT) \u2022 Ialma (BE) \u2022 I Liguriani (IT) \u2022 Javier Girotto (AR\/IT) \u2022 Juan Carlos C\u00e1ceres \u271d\ufe0e &amp; Tango Negro Trio (AR) \u2022 Laurinho Bandeira (BR\/AT) \u2022 Ljiljana Buttler \u271d\ufe0e (RS\/DE) \u2022 Luciano Biondini (IT) \u2022 Maja Osojnik (SI\/AT) \u2022 Marina &amp; The Kats (AT) \u2022 Martin Lubenov (BG) \u2022 Melech Mechaya (PT) \u2022 Merima Klju\u010do &amp; Jelena Milu\u0161i\u0107 (BIH) \u2022 Nenad Vasili\u0107 (RS\/AT) \u2022 Nicolas Simion (RO) \u2022 Papas da Lingua (BR) \u2022 Piers Faccini (FR) \u2022 Roberto Paci Dal\u00f3 (IT) \u2022 Salah Ammo (AT) \u2022 Sch\u00f6nheitsfehler (AT) \u2022 Simone Zanchini (IT) \u2022 Stefan Pelzl&#8217;s Juju (AT) \u2022 T\u00f3mas Miguel y Txalaparta (ES) \u2022 Tresmundos (IT) \u2022 Tuur Florizoone (BE) \u2022 Vincent Peirani (FR) \u2022 Yoyomundi (IT) \u2022 Zamballarana (Corsica\/FR)<\/p>\n\n\n<p>","protected":false},"excerpt":{"rendered":"<p> &#8230; <a title=\"Archive\" class=\"read-more\" href=\"https:\/\/www.cultureworks.at\/en\/archiv\/\" aria-label=\"Read more about Archive\">Read more<\/a><\/p>\n","protected":false},"author":3,"featured_media":0,"parent":0,"menu_order":0,"comment_status":"closed","ping_status":"closed","template":"","meta":{"footnotes":""},"class_list":{"0":"post-14365","1":"page","2":"type-page","3":"status-publish","5":"infinite-scroll-item"},"translation":{"provider":"WPGlobus","version":"3.0.2","language":"en","enabled_languages":["de","en"],"languages":{"de":{"title":true,"content":true,"excerpt":false},"en":{"title":true,"content":true,"excerpt":false}}},"yoast_head":"<!-- This site is optimized with the Yoast SEO Premium plugin v27.2 (Yoast SEO v27.2) - https:\/\/yoast.com\/product\/yoast-seo-premium-wordpress\/ -->\n<title>Archive - CultureWorks<\/title>\n<meta name=\"description\" content=\"Artists that were represented by CultureWorks in the past.\" \/>\n<meta name=\"robots\" content=\"index, follow, max-snippet:-1, max-image-preview:large, max-video-preview:-1\" \/>\n<link rel=\"canonical\" href=\"https:\/\/www.cultureworks.at\/archiv\/\" \/>\n<meta property=\"og:locale\" content=\"en_US\" \/>\n<meta property=\"og:type\" content=\"article\" \/>\n<meta property=\"og:title\" content=\"Archive - CultureWorks\" \/>\n<meta property=\"og:description\" content=\"Artists that were represented by CultureWorks in the past.\" \/>\n<meta property=\"og:url\" content=\"https:\/\/www.cultureworks.at\/archiv\/\" \/>\n<meta property=\"og:site_name\" content=\"CultureWorks\" \/>\n<meta property=\"article:publisher\" content=\"https:\/\/www.facebook.com\/CultureWorks-Vienna-235792606434663\/?fref=ts\" \/>\n<meta property=\"article:modified_time\" content=\"2024-10-11T09:46:50+00:00\" \/>\n<meta property=\"og:image\" content=\"https:\/\/www.cultureworks.at\/wp-content\/uploads\/Alegria-e-Liberta_Jaune-Detour.jpg\" \/>\n\t<meta property=\"og:image:width\" content=\"1820\" \/>\n\t<meta property=\"og:image:height\" content=\"1917\" \/>\n\t<meta property=\"og:image:type\" content=\"image\/jpeg\" \/>\n<meta name=\"twitter:card\" content=\"summary_large_image\" \/>\n<meta name=\"twitter:label1\" content=\"Est. reading time\" \/>\n\t<meta name=\"twitter:data1\" content=\"4 minutes\" \/>\n<script type=\"application\/ld+json\" class=\"yoast-schema-graph\">{\"@context\":\"https:\/\/schema.org\",\"@graph\":[{\"@type\":\"WebPage\",\"@id\":\"https:\/\/www.cultureworks.at\/archiv\/\",\"url\":\"https:\/\/www.cultureworks.at\/archiv\/\",\"name\":\"Archive - CultureWorks\",\"isPartOf\":{\"@id\":\"https:\/\/www.cultureworks.at\/#website\"},\"primaryImageOfPage\":{\"@id\":\"https:\/\/www.cultureworks.at\/archiv\/#primaryimage\"},\"image\":{\"@id\":\"https:\/\/www.cultureworks.at\/archiv\/#primaryimage\"},\"thumbnailUrl\":\"https:\/\/www.cultureworks.at\/wp-content\/uploads\/Alegria-e-Liberta_Jaune-Detour-300x300.jpg\",\"datePublished\":\"2021-04-28T06:52:35+00:00\",\"dateModified\":\"2024-10-11T09:46:50+00:00\",\"description\":\"Artists that were represented by CultureWorks in the past.\",\"breadcrumb\":{\"@id\":\"https:\/\/www.cultureworks.at\/archiv\/#breadcrumb\"},\"inLanguage\":\"en-US\",\"potentialAction\":[{\"@type\":\"ReadAction\",\"target\":[\"https:\/\/www.cultureworks.at\/archiv\/\"]}]},{\"@type\":\"ImageObject\",\"inLanguage\":\"en-US\",\"@id\":\"https:\/\/www.cultureworks.at\/archiv\/#primaryimage\",\"url\":\"https:\/\/www.cultureworks.at\/wp-content\/uploads\/Alegria-e-Liberta_Jaune-Detour-300x300.jpg\",\"contentUrl\":\"https:\/\/www.cultureworks.at\/wp-content\/uploads\/Alegria-e-Liberta_Jaune-Detour-300x300.jpg\"},{\"@type\":\"BreadcrumbList\",\"@id\":\"https:\/\/www.cultureworks.at\/archiv\/#breadcrumb\",\"itemListElement\":[{\"@type\":\"ListItem\",\"position\":1,\"name\":\"Home\",\"item\":\"https:\/\/www.cultureworks.at\/en\/\"},{\"@type\":\"ListItem\",\"position\":2,\"name\":\"Archiv\"}]},{\"@type\":\"WebSite\",\"@id\":\"https:\/\/www.cultureworks.at\/#website\",\"url\":\"https:\/\/www.cultureworks.at\/\",\"name\":\"CultureWorks\",\"description\":\"Music For Listeners\",\"publisher\":{\"@id\":\"https:\/\/www.cultureworks.at\/#organization\"},\"potentialAction\":[{\"@type\":\"SearchAction\",\"target\":{\"@type\":\"EntryPoint\",\"urlTemplate\":\"https:\/\/www.cultureworks.at\/?s={search_term_string}\"},\"query-input\":{\"@type\":\"PropertyValueSpecification\",\"valueRequired\":true,\"valueName\":\"search_term_string\"}}],\"inLanguage\":\"en-US\"},{\"@type\":\"Organization\",\"@id\":\"https:\/\/www.cultureworks.at\/#organization\",\"name\":\"CultureWorks\",\"url\":\"https:\/\/www.cultureworks.at\/\",\"logo\":{\"@type\":\"ImageObject\",\"inLanguage\":\"en-US\",\"@id\":\"https:\/\/www.cultureworks.at\/#\/schema\/logo\/image\/\",\"url\":\"https:\/\/www.cultureworks.at\/wp-content\/uploads\/CW_LOGO_LONG_596.png\",\"contentUrl\":\"https:\/\/www.cultureworks.at\/wp-content\/uploads\/CW_LOGO_LONG_596.png\",\"width\":596,\"height\":56,\"caption\":\"CultureWorks\"},\"image\":{\"@id\":\"https:\/\/www.cultureworks.at\/#\/schema\/logo\/image\/\"},\"sameAs\":[\"https:\/\/www.facebook.com\/CultureWorks-Vienna-235792606434663\/?fref=ts\",\"https:\/\/www.youtube.com\/channel\/UCyUEDwFmoSUAPUcJBVRQDcw\/videos\"]}]}<\/script>\n<!-- \/ Yoast SEO Premium plugin. -->","yoast_head_json":{"title":"Archive - CultureWorks","description":"Artists that were represented by CultureWorks in the past.","robots":{"index":"index","follow":"follow","max-snippet":"max-snippet:-1","max-image-preview":"max-image-preview:large","max-video-preview":"max-video-preview:-1"},"canonical":"https:\/\/www.cultureworks.at\/archiv\/","og_locale":"en_US","og_type":"article","og_title":"Archive - CultureWorks","og_description":"Artists that were represented by CultureWorks in the past.","og_url":"https:\/\/www.cultureworks.at\/archiv\/","og_site_name":"CultureWorks","article_publisher":"https:\/\/www.facebook.com\/CultureWorks-Vienna-235792606434663\/?fref=ts","article_modified_time":"2024-10-11T09:46:50+00:00","og_image":[{"width":1820,"height":1917,"url":"https:\/\/www.cultureworks.at\/wp-content\/uploads\/Alegria-e-Liberta_Jaune-Detour.jpg","type":"image\/jpeg"}],"twitter_card":"summary_large_image","twitter_misc":{"Est. reading time":"4 minutes"},"schema":{"@context":"https:\/\/schema.org","@graph":[{"@type":"WebPage","@id":"https:\/\/www.cultureworks.at\/archiv\/","url":"https:\/\/www.cultureworks.at\/archiv\/","name":"Archive - CultureWorks","isPartOf":{"@id":"https:\/\/www.cultureworks.at\/#website"},"primaryImageOfPage":{"@id":"https:\/\/www.cultureworks.at\/archiv\/#primaryimage"},"image":{"@id":"https:\/\/www.cultureworks.at\/archiv\/#primaryimage"},"thumbnailUrl":"https:\/\/www.cultureworks.at\/wp-content\/uploads\/Alegria-e-Liberta_Jaune-Detour-300x300.jpg","datePublished":"2021-04-28T06:52:35+00:00","dateModified":"2024-10-11T09:46:50+00:00","description":"Artists that were represented by CultureWorks in the past.","breadcrumb":{"@id":"https:\/\/www.cultureworks.at\/archiv\/#breadcrumb"},"inLanguage":"en-US","potentialAction":[{"@type":"ReadAction","target":["https:\/\/www.cultureworks.at\/archiv\/"]}]},{"@type":"ImageObject","inLanguage":"en-US","@id":"https:\/\/www.cultureworks.at\/archiv\/#primaryimage","url":"https:\/\/www.cultureworks.at\/wp-content\/uploads\/Alegria-e-Liberta_Jaune-Detour-300x300.jpg","contentUrl":"https:\/\/www.cultureworks.at\/wp-content\/uploads\/Alegria-e-Liberta_Jaune-Detour-300x300.jpg"},{"@type":"BreadcrumbList","@id":"https:\/\/www.cultureworks.at\/archiv\/#breadcrumb","itemListElement":[{"@type":"ListItem","position":1,"name":"Home","item":"https:\/\/www.cultureworks.at\/en\/"},{"@type":"ListItem","position":2,"name":"Archiv"}]},{"@type":"WebSite","@id":"https:\/\/www.cultureworks.at\/#website","url":"https:\/\/www.cultureworks.at\/","name":"CultureWorks","description":"Music For Listeners","publisher":{"@id":"https:\/\/www.cultureworks.at\/#organization"},"potentialAction":[{"@type":"SearchAction","target":{"@type":"EntryPoint","urlTemplate":"https:\/\/www.cultureworks.at\/?s={search_term_string}"},"query-input":{"@type":"PropertyValueSpecification","valueRequired":true,"valueName":"search_term_string"}}],"inLanguage":"en-US"},{"@type":"Organization","@id":"https:\/\/www.cultureworks.at\/#organization","name":"CultureWorks","url":"https:\/\/www.cultureworks.at\/","logo":{"@type":"ImageObject","inLanguage":"en-US","@id":"https:\/\/www.cultureworks.at\/#\/schema\/logo\/image\/","url":"https:\/\/www.cultureworks.at\/wp-content\/uploads\/CW_LOGO_LONG_596.png","contentUrl":"https:\/\/www.cultureworks.at\/wp-content\/uploads\/CW_LOGO_LONG_596.png","width":596,"height":56,"caption":"CultureWorks"},"image":{"@id":"https:\/\/www.cultureworks.at\/#\/schema\/logo\/image\/"},"sameAs":["https:\/\/www.facebook.com\/CultureWorks-Vienna-235792606434663\/?fref=ts","https:\/\/www.youtube.com\/channel\/UCyUEDwFmoSUAPUcJBVRQDcw\/videos"]}]}},"_links":{"self":[{"href":"https:\/\/www.cultureworks.at\/en\/wp-json\/wp\/v2\/pages\/14365","targetHints":{"allow":["GET"]}}],"collection":[{"href":"https:\/\/www.cultureworks.at\/en\/wp-json\/wp\/v2\/pages"}],"about":[{"href":"https:\/\/www.cultureworks.at\/en\/wp-json\/wp\/v2\/types\/page"}],"author":[{"embeddable":true,"href":"https:\/\/www.cultureworks.at\/en\/wp-json\/wp\/v2\/users\/3"}],"replies":[{"embeddable":true,"href":"https:\/\/www.cultureworks.at\/en\/wp-json\/wp\/v2\/comments?post=14365"}],"version-history":[{"count":51,"href":"https:\/\/www.cultureworks.at\/en\/wp-json\/wp\/v2\/pages\/14365\/revisions"}],"predecessor-version":[{"id":16243,"href":"https:\/\/www.cultureworks.at\/en\/wp-json\/wp\/v2\/pages\/14365\/revisions\/16243"}],"wp:attachment":[{"href":"https:\/\/www.cultureworks.at\/en\/wp-json\/wp\/v2\/media?parent=14365"}],"curies":[{"name":"wp","href":"https:\/\/api.w.org\/{rel}","templated":true}]}}